{"id":255,"date":"2017-08-30T12:26:29","date_gmt":"2017-08-30T10:26:29","guid":{"rendered":"http:\/\/andrearota.it\/?page_id=255"},"modified":"2019-05-08T13:19:19","modified_gmt":"2019-05-08T11:19:19","slug":"chi-cazzo-e-andrea-rota","status":"publish","type":"page","link":"http:\/\/andrearota.it\/?page_id=255","title":{"rendered":"#AR"},"content":{"rendered":"<h3 style=\"text-align: center;\">\u00a0Chi cazzo \u00e8 Andrea Rota?<\/h3>\r\n<h1 style=\"text-align: center;\"><span style=\"color: #ff0000;\">PORCO MONDO SONO IOOOOOO<\/span><\/h1>\r\n<img loading=\"lazy\" class=\"wp-image-264 size-large aligncenter\" src=\"http:\/\/andrearota.it\/wp-content\/uploads\/2017\/08\/Foto-del-30-08-17-alle-14.02-1024x683.jpg\" alt=\"\" width=\"756\" height=\"504\" srcset=\"http:\/\/andrearota.it\/wp-content\/uploads\/2017\/08\/Foto-del-30-08-17-alle-14.02-1024x683.jpg 1024w, http:\/\/andrearota.it\/wp-content\/uploads\/2017\/08\/Foto-del-30-08-17-alle-14.02-300x200.jpg 300w, http:\/\/andrearota.it\/wp-content\/uploads\/2017\/08\/Foto-del-30-08-17-alle-14.02-768x512.jpg 768w, http:\/\/andrearota.it\/wp-content\/uploads\/2017\/08\/Foto-del-30-08-17-alle-14.02.jpg 1080w\" sizes=\"(max-width: 756px) 100vw, 756px\" \/>\r\n\r\n<hr \/>\r\n\r\n<h2 style=\"text-align: center;\">Biography<\/h2>\r\nAndrea Rota was born in 1996 in Alzano Lombardo (BG), at a very young age&#8230; ok dai basta parlare in inglese, che per sembrare serio una riga direi che basta e avanza.\r\n\r\nPer coloro pi\u00f9 ignoranti di me in materia (english lesson) sono nato il 31 Luglio 1996 ad Alzano Lombardo : il paese accanto al mio (nel mio non c&#8217;\u00e8 l&#8217;ospedale, che cazzo devo farci..)\r\n\r\nSinceramente non mi ricordo, ma sono abbastanza convinto che per i miei primi mesi di vita sono stato come tutti gli altri neonati, che piangono e rompono i coglioni, quindi questa parte direi che non ci interessa.\r\n\r\nPartendo dalle scuole basse direi che sono partito dall&#8217;asilo e sono arrivato alla 3 elementare senza intoppi, poi da li, le cose sono andate diversamente&#8230;(ero tentato di scrivere qualche anedotto, ma forse \u00e8 meglio di no)\r\n\r\nNel bene o nel male, dalla 3 elementare (ho fatto la rima) Andreino Rota \u00e8 riuscito ad arrivare alla 3 media con i suoi coetanei, divertendosi e vivendo ogni giorno al massimo del rischio che un essere umano possa sopportare&#8230; (info ad Andrea Spiranelli)\r\n\r\nDopo la terza media sono passato alla terza media (c&#8217;\u00e8 stato un replay non voluto nella mia vita, ma con alzheimer sono sicuro che un giorno lo dimenticher\u00f2..)\r\n\r\n\u00c8 giusto ricordare che in questi anni ho giocato a calcio: Nembrese calcio 1913, e dopo aver raggiunto uno dei record pi\u00f9 prestigiosi a cui un calciatore possa ambire (record di panchine, per ben 10 anni consecutivi) ho deciso di ritirarmi per pensare un p\u00f2 anche alla figa. (con risultati peggiori di quelli del calcio)\r\n\r\nFrequento poi, l&#8217;istituto d&#8217;Arte Andrea Fantoni, e per 4 anni vado via liscio, o quasi: la maxi sospensione al 2 anno per tentato omicidio ad un professore, sembra, ancora una volta uno di quegli episodi che ti possono rovinare la carriera, non in questo caso (testa alta alla Cristiano Doni, e via a rischiare, scommetendo ancora una volta sul mio futuro)\r\n\r\nLa parentesi Andrea Fantoni si chiude con la mancata ammissione alla classe 5, la possibilit\u00e0 di diplomarsi sfuma, e non di poco (anche nella graduatoria dei non ammessi, sono uno degli ultimi)\r\n\r\nA Settembre 2015 la luce si riaccende: L&#8217;istituto Caterina Caniana, accortosi delle mie notevoli capacit\u00e0 psicotattichescientificheculturali mi ammette alla classe 5YS, dandomi, finalmente la possibilit\u00e0 di riscattare la grande boccitura in terza media.\r\n\r\nIl vero leone che c&#8217;\u00e8 in me (my segno zodiacale) mi permette di diplomarmi, e con un modestissimo 61 (di cui ne vado veramente fiero)\r\n\r\nFinite le superiori, la voglia di studiare \u00e8 pressoch\u00e8 zero, ma la voglia di andare a lavorare \u00e8 ancora di meno; mi iscrivo all&#8217;Istituto Europe di Design, e passo incredibilmente senza intoppi il primo anno (amzing, amazing)\r\n\r\nNon ho la capacit\u00e0 di vedere il futuro, ma sono abbastanza sicuro che la mia biografia andr\u00e0 avanti, o almeno spero (toccata di palle)\r\n\r\nQuindi per adesso da Andrea Rota \u00e8 tutto.\r\n\r\nLa linea a voi&#8230; cazzoni che non siete altro\r\n\r\n&nbsp;\r\n\r\n&nbsp;\r\n\r\n&nbsp;\r\n\r\n<span style=\"border-radius: 2px; text-indent: 20px; width: auto; padding: 0px 4px 0px 0px; text-align: center; font: bold 11px\/20px 'Helvetica Neue',Helvetica,sans-serif; color: #ffffff; background: #bd081c no-repeat scroll 3px 50% \/ 14px 14px; position: absolute; opacity: 1; z-index: 8675309; display: none; cursor: pointer;\">Salva<\/span>\r\n\r\n<span style=\"border-radius: 2px; text-indent: 20px; width: auto; padding: 0px 4px 0px 0px; text-align: center; font: bold 11px\/20px 'Helvetica Neue',Helvetica,sans-serif; color: #ffffff; background: #bd081c no-repeat scroll 3px 50% \/ 14px 14px; position: absolute; opacity: 1; z-index: 8675309; display: none; cursor: pointer;\">Salva<\/span>\r\n\r\n<span style=\"border-radius: 2px; text-indent: 20px; width: auto; padding: 0px 4px 0px 0px; text-align: center; font: bold 11px\/20px 'Helvetica Neue',Helvetica,sans-serif; color: #ffffff; background: #bd081c no-repeat scroll 3px 50% \/ 14px 14px; position: absolute; opacity: 1; z-index: 8675309; display: none; cursor: pointer; top: 294px; left: 20px;\">Salva<\/span>\r\n\r\n<span style=\"border-radius: 2px; text-indent: 20px; width: auto; padding: 0px 4px 0px 0px; text-align: center; font: bold 11px\/20px 'Helvetica Neue',Helvetica,sans-serif; color: #ffffff; background: #bd081c no-repeat scroll 3px 50% \/ 14px 14px; position: absolute; opacity: 1; z-index: 8675309; display: none; cursor: pointer; top: 294px; left: 20px;\">Salva<\/span>\r\n\r\n<span style=\"border-radius: 2px; text-indent: 20px; width: auto; padding: 0px 4px 0px 0px; text-align: center; font: bold 11px\/20px 'Helvetica Neue',Helvetica,sans-serif; color: #ffffff; background: #bd081c no-repeat scroll 3px 50% \/ 14px 14px; position: absolute; opacity: 1; z-index: 8675309; display: none; cursor: pointer; top: 294px; left: 89px;\">Salva<\/span>\r\n\r\n<span style=\"border-radius: 2px; text-indent: 20px; width: auto; padding: 0px 4px 0px 0px; text-align: center; font: bold 11px\/20px 'Helvetica Neue',Helvetica,sans-serif; color: #ffffff; background: #bd081c no-repeat scroll 3px 50% \/ 14px 14px; position: absolute; opacity: 1; z-index: 8675309; display: none; cursor: pointer; top: 294px; left: 89px;\">Salva<\/span>\r\n\r\n<span style=\"border-radius: 2px; text-indent: 20px; width: auto; padding: 0px 4px 0px 0px; text-align: center; font: bold 11px\/20px 'Helvetica Neue',Helvetica,sans-serif; color: #ffffff; background: #bd081c no-repeat scroll 3px 50% \/ 14px 14px; position: absolute; opacity: 1; z-index: 8675309; display: none; cursor: pointer; top: 294px; left: 89px;\">Salva<\/span>\r\n\r\n<span style=\"border-radius: 2px; text-indent: 20px; width: auto; padding: 0px 4px 0px 0px; text-align: center; font: bold 11px\/20px 'Helvetica Neue',Helvetica,sans-serif; color: #ffffff; background: #bd081c no-repeat scroll 3px 50% \/ 14px 14px; position: absolute; opacity: 1; z-index: 8675309; display: none; cursor: pointer; top: 294px; left: 89px;\">Salva<\/span>\r\n\r\n<span style=\"border-radius: 2px; text-indent: 20px; width: auto; padding: 0px 4px 0px 0px; text-align: center; font: bold 11px\/20px 'Helvetica Neue',Helvetica,sans-serif; color: #ffffff; background: #bd081c no-repeat scroll 3px 50% \/ 14px 14px; position: absolute; opacity: 1; z-index: 8675309; display: none; cursor: pointer; top: 294px; left: 89px;\">Salva<\/span>\r\n\r\n<span style=\"border-radius: 2px; text-indent: 20px; width: auto; padding: 0px 4px 0px 0px; text-align: center; font: bold 11px\/20px 'Helvetica Neue',Helvetica,sans-serif; color: #ffffff; background: #bd081c no-repeat scroll 3px 50% \/ 14px 14px; position: absolute; opacity: 1; z-index: 8675309; display: none; cursor: pointer; top: 294px; left: 89px;\">Salva<\/span>\r\n\r\n<span style=\"border-radius: 2px; text-indent: 20px; width: auto; padding: 0px 4px 0px 0px; text-align: center; font: bold 11px\/20px 'Helvetica Neue',Helvetica,sans-serif; color: #ffffff; background: #bd081c no-repeat scroll 3px 50% \/ 14px 14px; position: absolute; opacity: 1; z-index: 8675309; display: none; cursor: pointer; top: 294px; left: 89px;\">Salva<\/span>\r\n\r\n<span style=\"border-radius: 2px; text-indent: 20px; width: auto; padding: 0px 4px 0px 0px; text-align: center; font: bold 11px\/20px 'Helvetica Neue',Helvetica,sans-serif; color: #ffffff; background: #bd081c no-repeat scroll 3px 50% \/ 14px 14px; position: absolute; opacity: 1; z-index: 8675309; display: none; cursor: pointer; top: 294px; left: 89px;\">Salva<\/span>\r\n\r\n<span style=\"border-radius: 2px; text-indent: 20px; width: auto; padding: 0px 4px 0px 0px; text-align: center; font: bold 11px\/20px 'Helvetica Neue',Helvetica,sans-serif; color: #ffffff; background: #bd081c no-repeat scroll 3px 50% \/ 14px 14px; position: absolute; opacity: 1; z-index: 8675309; display: none; cursor: pointer; top: 294px; left: 89px;\">Salva<\/span>\r\n\r\n<span style=\"border-radius: 2px; text-indent: 20px; width: auto; padding: 0px 4px 0px 0px; text-align: center; font: bold 11px\/20px 'Helvetica Neue',Helvetica,sans-serif; color: #ffffff; background: #bd081c no-repeat scroll 3px 50% \/ 14px 14px; position: absolute; opacity: 1; z-index: 8675309; display: none; cursor: pointer; top: 294px; left: 89px;\">Salva<\/span>\r\n\r\n<span style=\"border-radius: 2px; text-indent: 20px; width: auto; padding: 0px 4px 0px 0px; text-align: center; font: bold 11px\/20px 'Helvetica Neue',Helvetica,sans-serif; color: #ffffff; background: #bd081c no-repeat scroll 3px 50% \/ 14px 14px; position: absolute; opacity: 1; z-index: 8675309; display: none; cursor: pointer;\">Salva<\/span>\r\n\r\n<span style=\"border-radius: 2px; text-indent: 20px; width: auto; padding: 0px 4px 0px 0px; text-align: center; font: bold 11px\/20px 'Helvetica Neue',Helvetica,sans-serif; color: #ffffff; background: #bd081c no-repeat scroll 3px 50% \/ 14px 14px; position: absolute; opacity: 1; z-index: 8675309; display: none; cursor: pointer; top: 158px; left: 89px;\">Salva<\/span>\r\n\r\n<span style=\"border-radius: 2px; text-indent: 20px; width: auto; padding: 0px 4px 0px 0px; text-align: center; font: bold 11px\/20px 'Helvetica Neue',Helvetica,sans-serif; color: #ffffff; background: #bd081c no-repeat scroll 3px 50% \/ 14px 14px; position: absolute; opacity: 1; z-index: 8675309; display: none; cursor: pointer;\">Salva<\/span>\r\n\r\n<span style=\"border-radius: 2px; text-indent: 20px; width: auto; padding: 0px 4px 0px 0px; text-align: center; font: bold 11px\/20px 'Helvetica Neue',Helvetica,sans-serif; color: #ffffff; background: #bd081c no-repeat scroll 3px 50% \/ 14px 14px; position: absolute; opacity: 1; z-index: 8675309; display: none; cursor: pointer;\">Salva<\/span>\r\n\r\n<span style=\"border-radius: 2px; text-indent: 20px; width: auto; padding: 0px 4px 0px 0px; text-align: center; font: bold 11px\/20px 'Helvetica Neue',Helvetica,sans-serif; color: #ffffff; background: #bd081c no-repeat scroll 3px 50% \/ 14px 14px; position: absolute; opacity: 1; z-index: 8675309; display: none; cursor: pointer;\">Salva<\/span>\r\n\r\n<span style=\"border-radius: 2px; text-indent: 20px; width: auto; padding: 0px 4px 0px 0px; text-align: center; font: bold 11px\/20px 'Helvetica Neue',Helvetica,sans-serif; color: #ffffff; background: #bd081c no-repeat scroll 3px 50% \/ 14px 14px; position: absolute; opacity: 1; z-index: 8675309; display: none; cursor: pointer; top: 158px; left: 89px;\">Salva<\/span>\r\n\r\n<span style=\"border-radius: 2px; text-indent: 20px; width: auto; padding: 0px 4px 0px 0px; text-align: center; font: bold 11px\/20px 'Helvetica Neue',Helvetica,sans-serif; color: #ffffff; background: #bd081c no-repeat scroll 3px 50% \/ 14px 14px; position: absolute; opacity: 1; z-index: 8675309; display: none; cursor: pointer; top: 158px; left: 89px;\">Salva<\/span>\r\n\r\n<span style=\"border-radius: 2px; text-indent: 20px; width: auto; padding: 0px 4px 0px 0px; text-align: center; font: bold 11px\/20px 'Helvetica Neue',Helvetica,sans-serif; color: #ffffff; background: #bd081c no-repeat scroll 3px 50% \/ 14px 14px; position: absolute; opacity: 1; z-index: 8675309; display: none; cursor: pointer;\">Salva<\/span>\r\n\r\n<span style=\"border-radius: 2px; text-indent: 20px; width: auto; padding: 0px 4px 0px 0px; text-align: center; font: bold 11px\/20px 'Helvetica Neue',Helvetica,sans-serif; color: #ffffff; background: #bd081c no-repeat scroll 3px 50% \/ 14px 14px; position: absolute; opacity: 1; z-index: 8675309; display: none; cursor: pointer;\">Salva<\/span>","protected":false},"excerpt":{"rendered":"<p>\u00a0Chi cazzo \u00e8 Andrea Rota? PORCO MONDO SONO IOOOOOO Biography Andrea Rota was born in 1996 in Alzano Lombardo (BG), at a very young age&#8230; ok dai basta parlare in inglese, che per sembrare serio una riga direi che basta e avanza. Per coloro pi\u00f9 &hellip; <a href=\"http:\/\/andrearota.it\/?page_id=255\" class=\"more-link\"><span>Continue reading<span class=\"screen-reader-text\">#AR<\/span><\/span><\/a><\/p>\n","protected":false},"author":1,"featured_media":0,"parent":0,"menu_order":0,"comment_status":"closed","ping_status":"closed","template":"","meta":[],"_links":{"self":[{"href":"http:\/\/andrearota.it\/index.php?rest_route=\/wp\/v2\/pages\/255"}],"collection":[{"href":"http:\/\/andrearota.it\/index.php?rest_route=\/wp\/v2\/pages"}],"about":[{"href":"http:\/\/andrearota.it\/index.php?rest_route=\/wp\/v2\/types\/page"}],"author":[{"embeddable":true,"href":"http:\/\/andrearota.it\/index.php?rest_route=\/wp\/v2\/users\/1"}],"replies":[{"embeddable":true,"href":"http:\/\/andrearota.it\/index.php?rest_route=%2Fwp%2Fv2%2Fcomments&post=255"}],"version-history":[{"count":36,"href":"http:\/\/andrearota.it\/index.php?rest_route=\/wp\/v2\/pages\/255\/revisions"}],"predecessor-version":[{"id":571,"href":"http:\/\/andrearota.it\/index.php?rest_route=\/wp\/v2\/pages\/255\/revisions\/571"}],"wp:attachment":[{"href":"http:\/\/andrearota.it\/index.php?rest_route=%2Fwp%2Fv2%2Fmedia&parent=255"}],"curies":[{"name":"wp","href":"https:\/\/api.w.org\/{rel}","templated":true}]}}